{"id":7549,"date":"2026-02-16T08:38:29","date_gmt":"2026-02-16T08:38:29","guid":{"rendered":"https:\/\/mir-exclusive.com\/fomulario-denunziation\/"},"modified":"2026-02-16T08:57:34","modified_gmt":"2026-02-16T08:57:34","slug":"fomulario-denunziation","status":"publish","type":"page","link":"https:\/\/mir-exclusive.com\/de\/fomulario-denunziation\/","title":{"rendered":"Fomulario Denunziation"},"content":{"rendered":"\t\t<div data-elementor-type=\"wp-page\" data-elementor-id=\"7549\" class=\"elementor elementor-7549 elementor-7546\" data-elementor-post-type=\"page\">\n\t\t\t\t\t\t<section class=\"elementor-section elementor-top-section elementor-element elementor-element-c7f3e98 elementor-section-content-middle elementor-section-boxed elementor-section-height-default elementor-section-height-default\" data-id=\"c7f3e98\" data-element_type=\"section\" data-settings=\"{&quot;jet_parallax_layout_list&quot;:[],&quot;_ob_glider_is_slider&quot;:&quot;no&quot;}\">\n\t\t\t\t\t\t<div class=\"elementor-container elementor-column-gap-default\">\n\t\t\t\t\t<div class=\"elementor-column elementor-col-100 elementor-top-column elementor-element elementor-element-7848fd6\" data-id=\"7848fd6\" data-element_type=\"column\" data-settings=\"{&quot;_ob_column_hoveranimator&quot;:&quot;no&quot;,&quot;_ob_column_has_pseudo&quot;:&quot;no&quot;}\">\n\t\t\t<div class=\"elementor-widget-wrap elementor-element-populated\">\n\t\t\t\t\t\t<div class=\"elementor-element elementor-element-3b24d0c ob-has-background-overlay elementor-widget elementor-widget-heading\" data-id=\"3b24d0c\" data-element_type=\"widget\" data-settings=\"{&quot;_ob_widget_stalker_use&quot;:&quot;no&quot;,&quot;_ob_poopart_use&quot;:&quot;yes&quot;,&quot;_ob_shadough_use&quot;:&quot;no&quot;,&quot;_ob_allow_hoveranimator&quot;:&quot;no&quot;}\" data-widget_type=\"heading.default\">\n\t\t\t\t<div class=\"elementor-widget-container\">\n\t\t\t\t\t<h2 class=\"elementor-heading-title elementor-size-default\">Registrieren Sie Ihre Beschwerde<\/h2>\t\t\t\t<\/div>\n\t\t\t\t<\/div>\n\t\t\t\t<div class=\"elementor-element elementor-element-b49a3d1 ob-harakiri-inherit ob-has-background-overlay elementor-widget elementor-widget-text-editor\" data-id=\"b49a3d1\" data-element_type=\"widget\" data-settings=\"{&quot;_ob_use_harakiri&quot;:&quot;yes&quot;,&quot;_ob_harakiri_writing_mode&quot;:&quot;inherit&quot;,&quot;_ob_postman_use&quot;:&quot;no&quot;,&quot;_ob_widget_stalker_use&quot;:&quot;no&quot;,&quot;_ob_poopart_use&quot;:&quot;yes&quot;,&quot;_ob_shadough_use&quot;:&quot;no&quot;,&quot;_ob_allow_hoveranimator&quot;:&quot;no&quot;}\" data-widget_type=\"text-editor.default\">\n\t\t\t\t<div class=\"elementor-widget-container\">\n\t\t\t\t\t\t\t\t\t<p>\u00dcber diesen Kanal kann jede Person im Unternehmen jede kriminelle Handlung oder Unregelm\u00e4\u00dfigkeit sowie jede Handlung, die gegen den Ethikkodex des Unternehmens verst\u00f6\u00dft, melden.<\/p><p>Dieser Kanal wird auf sichere Weise konzipiert, eingerichtet und verwaltet, um die Vertraulichkeit der Identit\u00e4t des Informanten und der in der Mitteilung erw\u00e4hnten Dritten sowie der bei der Verwaltung und Verarbeitung derselben durchgef\u00fchrten Aktionen zu gew\u00e4hrleisten und den Datenschutz zu gew\u00e4hrleisten, indem der Zugriff durch unbefugtes Personal verhindert wird.<\/p>\t\t\t\t\t\t\t\t<\/div>\n\t\t\t\t<\/div>\n\t\t\t\t<div class=\"elementor-element elementor-element-ece9251 elementor-widget__width-initial elementor-button-align-stretch ob-has-background-overlay elementor-widget elementor-widget-form\" data-id=\"ece9251\" data-element_type=\"widget\" data-settings=\"{&quot;step_next_label&quot;:&quot;Weiter&quot;,&quot;step_previous_label&quot;:&quot;Vorherige&quot;,&quot;button_width&quot;:&quot;100&quot;,&quot;step_type&quot;:&quot;number_text&quot;,&quot;step_icon_shape&quot;:&quot;circle&quot;,&quot;_ob_poopart_use&quot;:&quot;yes&quot;,&quot;_ob_shadough_use&quot;:&quot;no&quot;,&quot;_ob_allow_hoveranimator&quot;:&quot;no&quot;}\" data-widget_type=\"form.default\">\n\t\t\t\t<div class=\"elementor-widget-container\">\n\t\t\t\t\t\t\t<form class=\"elementor-form\" method=\"post\" id=\"formulario_contact\" name=\"Kontakt  \" aria-label=\"Kontakt  \">\n\t\t\t<input type=\"hidden\" name=\"post_id\" value=\"7549\"\/>\n\t\t\t<input type=\"hidden\" name=\"form_id\" value=\"ece9251\"\/>\n\t\t\t<input type=\"hidden\" name=\"referer_title\" value=\"Mir-exclusive\" \/>\n\n\t\t\t\n\t\t\t<div class=\"elementor-form-fields-wrapper elementor-labels-above\">\n\t\t\t\t\t\t\t\t<div class=\"elementor-field-type-select elementor-field-group elementor-column elementor-field-group-field_ecdbcf7 elementor-col-100 elementor-field-required elementor-mark-required\">\n\t\t\t\t\t\t\t\t\t\t\t\t<label for=\"form-field-field_ecdbcf7\" class=\"elementor-field-label\">\n\t\t\t\t\t\t\t\tWie m\u00f6chten Sie Ihre Beschwerde einreichen?\t\t\t\t\t\t\t<\/label>\n\t\t\t\t\t\t\t\t<div class=\"elementor-field elementor-select-wrapper remove-before \">\n\t\t\t<div class=\"select-caret-down-wrapper\">\n\t\t\t\t<i aria-hidden=\"true\" class=\"eicon-caret-down\"><\/i>\t\t\t<\/div>\n\t\t\t<select name=\"form_fields[field_ecdbcf7]\" id=\"form-field-field_ecdbcf7\" class=\"elementor-field-textual elementor-size-xs\" required=\"required\">\n\t\t\t\t\t\t\t\t\t<option value=\"Vertraulich\">Vertraulich<\/option>\n\t\t\t\t\t\t\t\t\t<option value=\"Anonym\">Anonym<\/option>\n\t\t\t\t\t\t\t<\/select>\n\t\t<\/div>\n\t\t\t\t\t\t<\/div>\n\t\t\t\t\t\t\t\t<div class=\"elementor-field-type-html elementor-field-group elementor-column elementor-field-group-field_542684c elementor-col-100\">\n\t\t\t\t\t<b>Vertraulich melden: <\/b><br>Sie k\u00f6nnen sich daf\u00fcr entscheiden, vertraulich zu melden. Ihre Identit\u00e4t wird nur denjenigen bekannt, die Ihren Fall vertraulich behandeln, und Ihre Identit\u00e4t wird anderen bei der Bearbeitung des Falles als anonym und vertraulich erscheinen. Ihre Identit\u00e4t wird ohne Ihre Zustimmung zu diesem Zeitpunkt nicht an andere innerhalb der Organisation weitergegeben. Ihr Einverst\u00e4ndnis zur Offenlegung Ihrer Identit\u00e4t wird nur dann eingeholt, wenn dies f\u00fcr die interne Fallbearbeitung erforderlich ist. Wenn Sie das vertrauliche Whistleblowing-System nutzen, werden Ihr Fall und Sie selbst aufgezeichnet, was bedeutet, dass Sie Ihre Rechte auf Schutz gem\u00e4\u00df der Whistleblowing-Gesetzgebung vom ersten Kontakt an dokumentieren k\u00f6nnen. Es wird immer empfohlen, die Option der vertraulichen Meldung zu nutzen, da sie die bestm\u00f6gliche Fallbearbeitung erm\u00f6glicht und Ihnen den bestm\u00f6glichen Schutz garantiert.     \t\t\t\t<\/div>\n\t\t\t\t\t\t\t\t<div class=\"elementor-field-type-html elementor-field-group elementor-column elementor-field-group-field_6a884cf elementor-col-100\">\n\t\t\t\t\t<b>Anonyme Meldung: <\/b><br>Sie k\u00f6nnen sich f\u00fcr eine anonyme Meldung entscheiden, wenn Sie es vorziehen, niemandem Ihre Identit\u00e4t mitzuteilen. Wenn Sie eine anonyme Meldung machen, kann es Ihnen sp\u00e4ter schwer fallen, sich auf den Schutz der Whistleblowing-Gesetze zu berufen. Wenn Sie sich f\u00fcr eine anonyme Meldung entscheiden, sollten Sie sicherstellen, dass Sie dabei keine elektronischen Spuren hinterlassen. Achten Sie auf Metadaten in den Dateien, die Sie hochladen, und verwenden Sie dieses System nicht \u00fcber einen Computer oder ein Mobiltelefon, das Ihnen von Ihrem Unternehmen zur Verf\u00fcgung gestellt wird. Auf diese Weise sind Sie als anonymer Whistleblower bestm\u00f6glich gesch\u00fctzt. Eine vertrauliche Meldung wird empfohlen, da sie Ihnen den bestm\u00f6glichen Schutz garantiert.     \t\t\t\t<\/div>\n\t\t\t\t\t\t\t\t<div class=\"elementor-field-type-text elementor-field-group elementor-column elementor-field-group-field_d64726d elementor-col-100 elementor-field-required elementor-mark-required\">\n\t\t\t\t\t\t\t\t\t\t\t\t<label for=\"form-field-field_d64726d\" class=\"elementor-field-label\">\n\t\t\t\t\t\t\t\tGegenstand der Beschwerde\t\t\t\t\t\t\t<\/label>\n\t\t\t\t\t\t\t\t\t\t\t\t\t\t<input size=\"1\" type=\"text\" name=\"form_fields[field_d64726d]\" id=\"form-field-field_d64726d\" class=\"elementor-field elementor-size-xs  elementor-field-textual\" required=\"required\">\n\t\t\t\t\t\t\t\t\t\t\t<\/div>\n\t\t\t\t\t\t\t\t<div class=\"elementor-field-type-text elementor-field-group elementor-column elementor-field-group-field_0dfb3e5 elementor-col-100 elementor-field-required elementor-mark-required\">\n\t\t\t\t\t\t\t\t\t\t\t\t<label for=\"form-field-field_0dfb3e5\" class=\"elementor-field-label\">\n\t\t\t\t\t\t\t\tVor- und Nachname der beschuldigten Person\t\t\t\t\t\t\t<\/label>\n\t\t\t\t\t\t\t\t\t\t\t\t\t\t<input size=\"1\" type=\"text\" name=\"form_fields[field_0dfb3e5]\" id=\"form-field-field_0dfb3e5\" class=\"elementor-field elementor-size-xs  elementor-field-textual\" required=\"required\">\n\t\t\t\t\t\t\t\t\t\t\t<\/div>\n\t\t\t\t\t\t\t\t<div class=\"elementor-field-type-textarea elementor-field-group elementor-column elementor-field-group-field_9ee154b elementor-col-100 elementor-field-required elementor-mark-required\">\n\t\t\t\t\t\t\t\t\t\t\t\t<label for=\"form-field-field_9ee154b\" class=\"elementor-field-label\">\n\t\t\t\t\t\t\t\tBeschreibung der Beschwerde\t\t\t\t\t\t\t<\/label>\n\t\t\t\t\t\t<textarea class=\"elementor-field-textual elementor-field  elementor-size-xs\" name=\"form_fields[field_9ee154b]\" id=\"form-field-field_9ee154b\" rows=\"4\" required=\"required\"><\/textarea>\t\t\t\t<\/div>\n\t\t\t\t\t\t\t\t<div class=\"elementor-field-type-text elementor-field-group elementor-column elementor-field-group-62b226f elementor-col-100\">\n\t\t\t\t\t\t\t\t\t\t\t\t<label for=\"form-field-62b226f\" class=\"elementor-field-label\">\n\t\t\t\t\t\t\t\tName (optional)\t\t\t\t\t\t\t<\/label>\n\t\t\t\t\t\t\t\t\t\t\t\t\t\t<input size=\"1\" type=\"text\" name=\"form_fields[62b226f]\" id=\"form-field-62b226f\" class=\"elementor-field elementor-size-xs  elementor-field-textual\">\n\t\t\t\t\t\t\t\t\t\t\t<\/div>\n\t\t\t\t\t\t\t\t<div class=\"elementor-field-type-number elementor-field-group elementor-column elementor-field-group-field_446d06f elementor-col-100\">\n\t\t\t\t\t\t\t\t\t\t\t\t<label for=\"form-field-field_446d06f\" class=\"elementor-field-label\">\n\t\t\t\t\t\t\t\tTelefonnummer (optional)\t\t\t\t\t\t\t<\/label>\n\t\t\t\t\t\t\t\t\t<input type=\"number\" name=\"form_fields[field_446d06f]\" id=\"form-field-field_446d06f\" class=\"elementor-field elementor-size-xs  elementor-field-textual\" min=\"\" max=\"\" >\n\t\t\t\t\t\t<\/div>\n\t\t\t\t\t\t\t\t<div class=\"elementor-field-type-email elementor-field-group elementor-column elementor-field-group-email elementor-col-100\">\n\t\t\t\t\t\t\t\t\t\t\t\t<label for=\"form-field-email\" class=\"elementor-field-label\">\n\t\t\t\t\t\t\t\tE-Mail (optional)\t\t\t\t\t\t\t<\/label>\n\t\t\t\t\t\t\t\t\t\t\t\t\t\t<input size=\"1\" type=\"email\" name=\"form_fields[email]\" id=\"form-field-email\" class=\"elementor-field elementor-size-xs  elementor-field-textual\">\n\t\t\t\t\t\t\t\t\t\t\t<\/div>\n\t\t\t\t\t\t\t\t<div class=\"elementor-field-type-upload elementor-field-group elementor-column elementor-field-group-field_23294b6 elementor-col-100\">\n\t\t\t\t\t\t\t\t\t\t\t\t<label for=\"form-field-field_23294b6\" class=\"elementor-field-label\">\n\t\t\t\t\t\t\t\tDokumente anh\u00e4ngen:\t\t\t\t\t\t\t<\/label>\n\t\t\t\t\t\t\t\t<input type=\"file\" name=\"form_fields[field_23294b6][]\" id=\"form-field-field_23294b6\" class=\"elementor-field elementor-size-xs  elementor-upload-field\" multiple=\"multiple\" data-maxsize=\"30\" data-maxsize-message=\"Diese Datei \u00fcbersteigt die maximale Dateigr\u00f6\u00dfe.\">\n\n\t\t\t\t\t\t<\/div>\n\t\t\t\t\t\t\t\t<div class=\"elementor-field-type-html elementor-field-group elementor-column elementor-field-group-field_2283554 elementor-col-100\">\n\t\t\t\t\tWenn Sie m\u00f6chten, k\u00f6nnen Sie Ihrer Beschwerde ein Ton- oder Bilddokument beif\u00fcgen.\t\t\t\t<\/div>\n\t\t\t\t\t\t\t\t<div class=\"elementor-field-type-acceptance elementor-field-group elementor-column elementor-field-group-field_31f848c elementor-col-100 elementor-field-required elementor-mark-required\">\n\t\t\t\t\t\t\t<div class=\"elementor-field-subgroup\">\n\t\t\t<span class=\"elementor-field-option\">\n\t\t\t\t<input type=\"checkbox\" name=\"form_fields[field_31f848c]\" id=\"form-field-field_31f848c\" class=\"elementor-field elementor-size-xs  elementor-acceptance-field\" required=\"required\">\n\t\t\t\t<label for=\"form-field-field_31f848c\">Ich akzeptiere die Datenschutzbestimmungen<\/label>\t\t\t<\/span>\n\t\t<\/div>\n\t\t\t\t\t\t<\/div>\n\t\t\t\t\t\t\t\t<div class=\"elementor-field-type-html elementor-field-group elementor-column elementor-field-group-field_f8987a9 elementor-col-100\">\n\t\t\t\t\tWir informieren Sie dar\u00fcber, dass Ihre pers\u00f6nlichen Daten, die Sie uns zur Verf\u00fcgung stellen, in eine Behandlung einbezogen werden, f\u00fcr die wir verantwortlich sind und die dem Zweck der kommerziellen und administrativen Verwaltung der Beziehung dient, die uns verbindet, sowie dazu, Sie auf traditionellem oder elektronischem Wege \u00fcber die Produkte oder Dienstleistungen unseres Unternehmens zu informieren, die f\u00fcr Sie von Interesse sein k\u00f6nnten. Sie k\u00f6nnen Ihre Rechte auf Zugang, Berichtigung, L\u00f6schung, Widerspruch, Einschr\u00e4nkung der Verarbeitung und \u00dcbertragbarkeit Ihrer Daten aus\u00fcben, indem Sie eine schriftliche Anfrage per E-Mail an info@micanaldenuncia.com senden und ein Dokument zur Identifizierung beif\u00fcgen. Legitimation der Verarbeitung: Erf\u00fcllung eines Vertrags und Einwilligung der betroffenen Person. Empf\u00e4nger der Verarbeitung: Die Daten werden nicht an Dritte weitergegeben, es sei denn, Sie sind gesetzlich dazu verpflichtet.\t\t\t\t<\/div>\n\t\t\t\t\t\t\t\t<div class=\"elementor-field-type-recaptcha_v3 elementor-field-group elementor-column elementor-field-group-field_96e372b elementor-col-100 recaptcha_v3-inline\">\n\t\t\t\t\t<div class=\"elementor-field\" id=\"form-field-field_96e372b\"><div class=\"elementor-g-recaptcha\" data-sitekey=\"6LfHx0wqAAAAADfcandY7cdVZJidJ87Vi7oqysMu\" data-type=\"v3\" data-action=\"Form\" data-badge=\"inline\" data-size=\"invisible\"><\/div><\/div>\t\t\t\t<\/div>\n\t\t\t\t\t\t\t\t<div class=\"elementor-field-group elementor-column elementor-field-type-submit elementor-col-100 e-form__buttons\">\n\t\t\t\t\t<button class=\"elementor-button elementor-size-sm\" type=\"submit\">\n\t\t\t\t\t\t<span class=\"elementor-button-content-wrapper\">\n\t\t\t\t\t\t\t\t\t\t\t\t\t\t\t<span class=\"elementor-button-icon\">\n\t\t\t\t\t\t\t\t\t<i class=\"fa fa-chevron-right\" aria-hidden=\"true\"><\/i>\t\t\t\t\t\t\t\t\t\t\t\t\t\t\t\t\t<\/span>\n\t\t\t\t\t\t\t\t\t\t\t\t\t\t\t\t\t\t\t\t\t\t<span class=\"elementor-button-text\">Senden Sie<\/span>\n\t\t\t\t\t\t\t\t\t\t\t\t\t<\/span>\n\t\t\t\t\t<\/button>\n\t\t\t\t<\/div>\n\t\t\t<\/div>\n\t\t<\/form>\n\t\t\t\t\t\t<\/div>\n\t\t\t\t<\/div>\n\t\t\t\t\t<\/div>\n\t\t<\/div>\n\t\t\t\t\t<\/div>\n\t\t<\/section>\n\t\t\t\t<\/div>\n\t\t","protected":false},"excerpt":{"rendered":"<p>Registrieren Sie Ihre Beschwerde \u00dcber diesen Kanal kann jede Person im Unternehmen jede kriminelle Handlung oder Unregelm\u00e4\u00dfigkeit sowie jede Handlung, die gegen den Ethikkodex des Unternehmens verst\u00f6\u00dft, melden. Dieser Kanal wird auf sichere Weise konzipiert, eingerichtet und verwaltet, um die Vertraulichkeit der Identit\u00e4t des Informanten und der in der Mitteilung erw\u00e4hnten Dritten sowie der bei [&hellip;]<\/p>\n","protected":false},"author":1,"featured_media":0,"parent":0,"menu_order":0,"comment_status":"closed","ping_status":"closed","template":"","meta":{"footnotes":""},"class_list":["post-7549","page","type-page","status-publish","hentry"],"yoast_head":"<!-- This site is optimized with the Yoast SEO plugin v26.8 - https:\/\/yoast.com\/product\/yoast-seo-wordpress\/ -->\n<title>Fomulario Denunziation | Mir-exclusive<\/title>\n<meta name=\"robots\" content=\"index, follow, max-snippet:-1, max-image-preview:large, max-video-preview:-1\" \/>\n<link rel=\"canonical\" href=\"https:\/\/mir-exclusive.com\/fomulario-denuncia\/\" \/>\n<script type=\"application\/ld+json\" class=\"yoast-schema-graph\">{\"@context\":\"https:\/\/schema.org\",\"@graph\":[{\"@type\":\"WebPage\",\"@id\":\"https:\/\/mir-exclusive.com\/fomulario-denuncia\/\",\"url\":\"https:\/\/mir-exclusive.com\/fomulario-denuncia\/\",\"name\":\"Fomulario Denunziation | Mir-exclusive\",\"isPartOf\":{\"@id\":\"https:\/\/mir-exclusive.com\/#website\"},\"datePublished\":\"2026-02-16T08:38:29+00:00\",\"dateModified\":\"2026-02-16T08:57:34+00:00\",\"breadcrumb\":{\"@id\":\"https:\/\/mir-exclusive.com\/fomulario-denuncia\/#breadcrumb\"},\"inLanguage\":\"de\",\"potentialAction\":[{\"@type\":\"ReadAction\",\"target\":[\"https:\/\/mir-exclusive.com\/fomulario-denuncia\/\"]}]},{\"@type\":\"BreadcrumbList\",\"@id\":\"https:\/\/mir-exclusive.com\/fomulario-denuncia\/#breadcrumb\",\"itemListElement\":[{\"@type\":\"ListItem\",\"position\":1,\"name\":\"Portada\",\"item\":\"https:\/\/mir-exclusive.com\/\"},{\"@type\":\"ListItem\",\"position\":2,\"name\":\"Fomulario Denunziation\"}]},{\"@type\":\"WebSite\",\"@id\":\"https:\/\/mir-exclusive.com\/#website\",\"url\":\"https:\/\/mir-exclusive.com\/\",\"name\":\"Mir-exclusive\",\"description\":\"Tu propiedad de lujo en Mallorca con Mir-Exclusive\",\"publisher\":{\"@id\":\"https:\/\/mir-exclusive.com\/#organization\"},\"potentialAction\":[{\"@type\":\"SearchAction\",\"target\":{\"@type\":\"EntryPoint\",\"urlTemplate\":\"https:\/\/mir-exclusive.com\/?s={search_term_string}\"},\"query-input\":{\"@type\":\"PropertyValueSpecification\",\"valueRequired\":true,\"valueName\":\"search_term_string\"}}],\"inLanguage\":\"de\"},{\"@type\":\"Organization\",\"@id\":\"https:\/\/mir-exclusive.com\/#organization\",\"name\":\"Mir-exclusive\",\"url\":\"https:\/\/mir-exclusive.com\/\",\"logo\":{\"@type\":\"ImageObject\",\"inLanguage\":\"de\",\"@id\":\"https:\/\/mir-exclusive.com\/#\/schema\/logo\/image\/\",\"url\":\"https:\/\/mir-exclusive.com\/wp-content\/uploads\/2023\/05\/mir_clipdrop-background-removal.png\",\"contentUrl\":\"https:\/\/mir-exclusive.com\/wp-content\/uploads\/2023\/05\/mir_clipdrop-background-removal.png\",\"width\":1024,\"height\":217,\"caption\":\"Mir-exclusive\"},\"image\":{\"@id\":\"https:\/\/mir-exclusive.com\/#\/schema\/logo\/image\/\"}}]}<\/script>\n<!-- \/ Yoast SEO plugin. -->","yoast_head_json":{"title":"Fomulario Denunziation | Mir-exclusive","robots":{"index":"index","follow":"follow","max-snippet":"max-snippet:-1","max-image-preview":"max-image-preview:large","max-video-preview":"max-video-preview:-1"},"canonical":"https:\/\/mir-exclusive.com\/fomulario-denuncia\/","schema":{"@context":"https:\/\/schema.org","@graph":[{"@type":"WebPage","@id":"https:\/\/mir-exclusive.com\/fomulario-denuncia\/","url":"https:\/\/mir-exclusive.com\/fomulario-denuncia\/","name":"Fomulario Denunziation | Mir-exclusive","isPartOf":{"@id":"https:\/\/mir-exclusive.com\/#website"},"datePublished":"2026-02-16T08:38:29+00:00","dateModified":"2026-02-16T08:57:34+00:00","breadcrumb":{"@id":"https:\/\/mir-exclusive.com\/fomulario-denuncia\/#breadcrumb"},"inLanguage":"de","potentialAction":[{"@type":"ReadAction","target":["https:\/\/mir-exclusive.com\/fomulario-denuncia\/"]}]},{"@type":"BreadcrumbList","@id":"https:\/\/mir-exclusive.com\/fomulario-denuncia\/#breadcrumb","itemListElement":[{"@type":"ListItem","position":1,"name":"Portada","item":"https:\/\/mir-exclusive.com\/"},{"@type":"ListItem","position":2,"name":"Fomulario Denunziation"}]},{"@type":"WebSite","@id":"https:\/\/mir-exclusive.com\/#website","url":"https:\/\/mir-exclusive.com\/","name":"Mir-exclusive","description":"Tu propiedad de lujo en Mallorca con Mir-Exclusive","publisher":{"@id":"https:\/\/mir-exclusive.com\/#organization"},"potentialAction":[{"@type":"SearchAction","target":{"@type":"EntryPoint","urlTemplate":"https:\/\/mir-exclusive.com\/?s={search_term_string}"},"query-input":{"@type":"PropertyValueSpecification","valueRequired":true,"valueName":"search_term_string"}}],"inLanguage":"de"},{"@type":"Organization","@id":"https:\/\/mir-exclusive.com\/#organization","name":"Mir-exclusive","url":"https:\/\/mir-exclusive.com\/","logo":{"@type":"ImageObject","inLanguage":"de","@id":"https:\/\/mir-exclusive.com\/#\/schema\/logo\/image\/","url":"https:\/\/mir-exclusive.com\/wp-content\/uploads\/2023\/05\/mir_clipdrop-background-removal.png","contentUrl":"https:\/\/mir-exclusive.com\/wp-content\/uploads\/2023\/05\/mir_clipdrop-background-removal.png","width":1024,"height":217,"caption":"Mir-exclusive"},"image":{"@id":"https:\/\/mir-exclusive.com\/#\/schema\/logo\/image\/"}}]}},"_links":{"self":[{"href":"https:\/\/mir-exclusive.com\/de\/wp-json\/wp\/v2\/pages\/7549","targetHints":{"allow":["GET"]}}],"collection":[{"href":"https:\/\/mir-exclusive.com\/de\/wp-json\/wp\/v2\/pages"}],"about":[{"href":"https:\/\/mir-exclusive.com\/de\/wp-json\/wp\/v2\/types\/page"}],"author":[{"embeddable":true,"href":"https:\/\/mir-exclusive.com\/de\/wp-json\/wp\/v2\/users\/1"}],"replies":[{"embeddable":true,"href":"https:\/\/mir-exclusive.com\/de\/wp-json\/wp\/v2\/comments?post=7549"}],"version-history":[{"count":5,"href":"https:\/\/mir-exclusive.com\/de\/wp-json\/wp\/v2\/pages\/7549\/revisions"}],"predecessor-version":[{"id":7585,"href":"https:\/\/mir-exclusive.com\/de\/wp-json\/wp\/v2\/pages\/7549\/revisions\/7585"}],"wp:attachment":[{"href":"https:\/\/mir-exclusive.com\/de\/wp-json\/wp\/v2\/media?parent=7549"}],"curies":[{"name":"wp","href":"https:\/\/api.w.org\/{rel}","templated":true}]}}