{"id":7527,"date":"2026-02-16T08:32:38","date_gmt":"2026-02-16T08:32:38","guid":{"rendered":"https:\/\/mir-exclusive.com\/beschwerde-kanal\/"},"modified":"2026-02-16T08:55:54","modified_gmt":"2026-02-16T08:55:54","slug":"beschwerde-kanal","status":"publish","type":"page","link":"https:\/\/mir-exclusive.com\/de\/beschwerde-kanal\/","title":{"rendered":"Beschwerde-Kanal"},"content":{"rendered":"\t\t<div data-elementor-type=\"wp-page\" data-elementor-id=\"7527\" class=\"elementor elementor-7527 elementor-7524\" data-elementor-post-type=\"page\">\n\t\t\t\t\t\t<section class=\"elementor-section elementor-top-section elementor-element elementor-element-e2524cd elementor-section-boxed elementor-section-height-default elementor-section-height-default\" data-id=\"e2524cd\" data-element_type=\"section\" data-settings=\"{&quot;jet_parallax_layout_list&quot;:[],&quot;_ob_glider_is_slider&quot;:&quot;no&quot;}\">\n\t\t\t\t\t\t<div class=\"elementor-container elementor-column-gap-default\">\n\t\t\t\t\t<div class=\"elementor-column elementor-col-100 elementor-top-column elementor-element elementor-element-ac82127\" data-id=\"ac82127\" data-element_type=\"column\" data-settings=\"{&quot;_ob_column_hoveranimator&quot;:&quot;no&quot;,&quot;_ob_column_has_pseudo&quot;:&quot;no&quot;}\">\n\t\t\t<div class=\"elementor-widget-wrap elementor-element-populated\">\n\t\t\t\t\t\t<div class=\"elementor-element elementor-element-729316f ob-has-background-overlay elementor-widget elementor-widget-heading\" data-id=\"729316f\" data-element_type=\"widget\" data-settings=\"{&quot;_ob_widget_stalker_use&quot;:&quot;no&quot;,&quot;_ob_poopart_use&quot;:&quot;yes&quot;,&quot;_ob_shadough_use&quot;:&quot;no&quot;,&quot;_ob_allow_hoveranimator&quot;:&quot;no&quot;}\" data-widget_type=\"heading.default\">\n\t\t\t\t<div class=\"elementor-widget-container\">\n\t\t\t\t\t<h2 class=\"elementor-heading-title elementor-size-default\">Beschwerde-Kanal<\/h2>\t\t\t\t<\/div>\n\t\t\t\t<\/div>\n\t\t\t\t<div class=\"elementor-element elementor-element-91dd0a5 ob-harakiri-inherit ob-has-background-overlay elementor-widget elementor-widget-text-editor\" data-id=\"91dd0a5\" data-element_type=\"widget\" data-settings=\"{&quot;_ob_use_harakiri&quot;:&quot;yes&quot;,&quot;_ob_harakiri_writing_mode&quot;:&quot;inherit&quot;,&quot;_ob_postman_use&quot;:&quot;no&quot;,&quot;_ob_widget_stalker_use&quot;:&quot;no&quot;,&quot;_ob_poopart_use&quot;:&quot;yes&quot;,&quot;_ob_shadough_use&quot;:&quot;no&quot;,&quot;_ob_allow_hoveranimator&quot;:&quot;no&quot;}\" data-widget_type=\"text-editor.default\">\n\t\t\t\t<div class=\"elementor-widget-container\">\n\t\t\t\t\t\t\t\t\t<p><strong>JOSE MARIA MIR PIZA<\/strong><\/p><p><strong>Eine Plattform, die es Mitarbeitern erm\u00f6glicht,<\/strong> anonym und vertraulich <strong>m\u00f6gliche illegale Aktivit\u00e4ten oder Aktivit\u00e4ten, die gegen den Verhaltenskodex der Organisation versto\u00dfen<\/strong><strong>, zu melden<\/strong> <strong>.<\/strong><\/p><p>Das Gesetz 2\/2023 vom 20. Februar 2023, das den Schutz von Personen regelt, die Verst\u00f6\u00dfe gegen Vorschriften und gegen die Korruptionsbek\u00e4mpfung melden, schreibt vor, dass alle Unternehmen mit mehr als 50 Mitarbeitern ab dem 1. Dezember 2023 einen Whistleblower-Kanal einrichten m\u00fcssen.<\/p>\t\t\t\t\t\t\t\t<\/div>\n\t\t\t\t<\/div>\n\t\t\t\t<div class=\"elementor-element elementor-element-f980e03 elementor-align-left elementor-tablet-align-center elementor-mobile-align-center ob-has-background-overlay elementor-widget elementor-widget-button\" data-id=\"f980e03\" data-element_type=\"widget\" data-settings=\"{&quot;_ob_butterbutton_use_it&quot;:&quot;no&quot;,&quot;_ob_widget_stalker_use&quot;:&quot;no&quot;,&quot;_ob_poopart_use&quot;:&quot;yes&quot;,&quot;_ob_shadough_use&quot;:&quot;no&quot;,&quot;_ob_allow_hoveranimator&quot;:&quot;no&quot;}\" data-widget_type=\"button.default\">\n\t\t\t\t<div class=\"elementor-widget-container\">\n\t\t\t\t\t\t\t\t\t<div class=\"elementor-button-wrapper\">\n\t\t\t\t\t<a class=\"elementor-button elementor-button-link elementor-size-sm\" href=\"https:\/\/mir-exclusive.com\/de\/fomulario-denunziation\/\">\n\t\t\t\t\t\t<span class=\"elementor-button-content-wrapper\">\n\t\t\t\t\t\t\t\t\t<span class=\"elementor-button-text\">ICH M\u00d6CHTE EINE BESCHWERDE EINREICHEN<\/span>\n\t\t\t\t\t<\/span>\n\t\t\t\t\t<\/a>\n\t\t\t\t<\/div>\n\t\t\t\t\t\t\t\t<\/div>\n\t\t\t\t<\/div>\n\t\t\t\t\t<\/div>\n\t\t<\/div>\n\t\t\t\t\t<\/div>\n\t\t<\/section>\n\t\t\t\t<\/div>\n\t\t","protected":false},"excerpt":{"rendered":"<p>JOSE MARIA MIR PIZA Eine Plattform, die es Mitarbeitern erm\u00f6glicht, anonym und vertraulich m\u00f6gliche illegale Aktivit\u00e4ten oder Aktivit\u00e4ten, die gegen den Verhaltenskodex der Organisation versto\u00dfen, zu melden . Das Gesetz 2\/2023 vom 20. Februar 2023, das den Schutz von Personen regelt, die Verst\u00f6\u00dfe gegen Vorschriften und gegen die Korruptionsbek\u00e4mpfung melden, schreibt vor, dass alle Unternehmen [&hellip;]<\/p>\n","protected":false},"author":1,"featured_media":0,"parent":0,"menu_order":0,"comment_status":"closed","ping_status":"closed","template":"","meta":{"footnotes":""},"class_list":["post-7527","page","type-page","status-publish","hentry"],"yoast_head":"<!-- This site is optimized with the Yoast SEO plugin v26.8 - https:\/\/yoast.com\/product\/yoast-seo-wordpress\/ -->\n<title>% | % %<\/title>\n<meta name=\"robots\" content=\"noindex, nofollow\" \/>\n<script type=\"application\/ld+json\" class=\"yoast-schema-graph\">{\"@context\":\"https:\/\/schema.org\",\"@graph\":[{\"@type\":\"WebPage\",\"@id\":\"https:\/\/mir-exclusive.com\/de\/beschwerde-kanal\/\",\"url\":\"https:\/\/mir-exclusive.com\/de\/beschwerde-kanal\/\",\"name\":\"% | % %\",\"isPartOf\":{\"@id\":\"https:\/\/mir-exclusive.com\/#website\"},\"datePublished\":\"2026-02-16T08:32:38+00:00\",\"dateModified\":\"2026-02-16T08:55:54+00:00\",\"breadcrumb\":{\"@id\":\"https:\/\/mir-exclusive.com\/de\/beschwerde-kanal\/#breadcrumb\"},\"inLanguage\":\"de\",\"potentialAction\":[{\"@type\":\"ReadAction\",\"target\":[\"https:\/\/mir-exclusive.com\/de\/beschwerde-kanal\/\"]}]},{\"@type\":\"BreadcrumbList\",\"@id\":\"https:\/\/mir-exclusive.com\/de\/beschwerde-kanal\/#breadcrumb\",\"itemListElement\":[{\"@type\":\"ListItem\",\"position\":1,\"name\":\"Portada\",\"item\":\"https:\/\/mir-exclusive.com\/\"},{\"@type\":\"ListItem\",\"position\":2,\"name\":\"Beschwerde-Kanal\"}]},{\"@type\":\"WebSite\",\"@id\":\"https:\/\/mir-exclusive.com\/#website\",\"url\":\"https:\/\/mir-exclusive.com\/\",\"name\":\"Mir-exclusive\",\"description\":\"Tu propiedad de lujo en Mallorca con Mir-Exclusive\",\"publisher\":{\"@id\":\"https:\/\/mir-exclusive.com\/#organization\"},\"potentialAction\":[{\"@type\":\"SearchAction\",\"target\":{\"@type\":\"EntryPoint\",\"urlTemplate\":\"https:\/\/mir-exclusive.com\/?s={search_term_string}\"},\"query-input\":{\"@type\":\"PropertyValueSpecification\",\"valueRequired\":true,\"valueName\":\"search_term_string\"}}],\"inLanguage\":\"de\"},{\"@type\":\"Organization\",\"@id\":\"https:\/\/mir-exclusive.com\/#organization\",\"name\":\"Mir-exclusive\",\"url\":\"https:\/\/mir-exclusive.com\/\",\"logo\":{\"@type\":\"ImageObject\",\"inLanguage\":\"de\",\"@id\":\"https:\/\/mir-exclusive.com\/#\/schema\/logo\/image\/\",\"url\":\"https:\/\/mir-exclusive.com\/wp-content\/uploads\/2023\/05\/mir_clipdrop-background-removal.png\",\"contentUrl\":\"https:\/\/mir-exclusive.com\/wp-content\/uploads\/2023\/05\/mir_clipdrop-background-removal.png\",\"width\":1024,\"height\":217,\"caption\":\"Mir-exclusive\"},\"image\":{\"@id\":\"https:\/\/mir-exclusive.com\/#\/schema\/logo\/image\/\"}}]}<\/script>\n<!-- \/ Yoast SEO plugin. -->","yoast_head_json":{"title":"% | % %","robots":{"index":"noindex","follow":"nofollow"},"schema":{"@context":"https:\/\/schema.org","@graph":[{"@type":"WebPage","@id":"https:\/\/mir-exclusive.com\/de\/beschwerde-kanal\/","url":"https:\/\/mir-exclusive.com\/de\/beschwerde-kanal\/","name":"% | % %","isPartOf":{"@id":"https:\/\/mir-exclusive.com\/#website"},"datePublished":"2026-02-16T08:32:38+00:00","dateModified":"2026-02-16T08:55:54+00:00","breadcrumb":{"@id":"https:\/\/mir-exclusive.com\/de\/beschwerde-kanal\/#breadcrumb"},"inLanguage":"de","potentialAction":[{"@type":"ReadAction","target":["https:\/\/mir-exclusive.com\/de\/beschwerde-kanal\/"]}]},{"@type":"BreadcrumbList","@id":"https:\/\/mir-exclusive.com\/de\/beschwerde-kanal\/#breadcrumb","itemListElement":[{"@type":"ListItem","position":1,"name":"Portada","item":"https:\/\/mir-exclusive.com\/"},{"@type":"ListItem","position":2,"name":"Beschwerde-Kanal"}]},{"@type":"WebSite","@id":"https:\/\/mir-exclusive.com\/#website","url":"https:\/\/mir-exclusive.com\/","name":"Mir-exclusive","description":"Tu propiedad de lujo en Mallorca con Mir-Exclusive","publisher":{"@id":"https:\/\/mir-exclusive.com\/#organization"},"potentialAction":[{"@type":"SearchAction","target":{"@type":"EntryPoint","urlTemplate":"https:\/\/mir-exclusive.com\/?s={search_term_string}"},"query-input":{"@type":"PropertyValueSpecification","valueRequired":true,"valueName":"search_term_string"}}],"inLanguage":"de"},{"@type":"Organization","@id":"https:\/\/mir-exclusive.com\/#organization","name":"Mir-exclusive","url":"https:\/\/mir-exclusive.com\/","logo":{"@type":"ImageObject","inLanguage":"de","@id":"https:\/\/mir-exclusive.com\/#\/schema\/logo\/image\/","url":"https:\/\/mir-exclusive.com\/wp-content\/uploads\/2023\/05\/mir_clipdrop-background-removal.png","contentUrl":"https:\/\/mir-exclusive.com\/wp-content\/uploads\/2023\/05\/mir_clipdrop-background-removal.png","width":1024,"height":217,"caption":"Mir-exclusive"},"image":{"@id":"https:\/\/mir-exclusive.com\/#\/schema\/logo\/image\/"}}]}},"_links":{"self":[{"href":"https:\/\/mir-exclusive.com\/de\/wp-json\/wp\/v2\/pages\/7527","targetHints":{"allow":["GET"]}}],"collection":[{"href":"https:\/\/mir-exclusive.com\/de\/wp-json\/wp\/v2\/pages"}],"about":[{"href":"https:\/\/mir-exclusive.com\/de\/wp-json\/wp\/v2\/types\/page"}],"author":[{"embeddable":true,"href":"https:\/\/mir-exclusive.com\/de\/wp-json\/wp\/v2\/users\/1"}],"replies":[{"embeddable":true,"href":"https:\/\/mir-exclusive.com\/de\/wp-json\/wp\/v2\/comments?post=7527"}],"version-history":[{"count":6,"href":"https:\/\/mir-exclusive.com\/de\/wp-json\/wp\/v2\/pages\/7527\/revisions"}],"predecessor-version":[{"id":7575,"href":"https:\/\/mir-exclusive.com\/de\/wp-json\/wp\/v2\/pages\/7527\/revisions\/7575"}],"wp:attachment":[{"href":"https:\/\/mir-exclusive.com\/de\/wp-json\/wp\/v2\/media?parent=7527"}],"curies":[{"name":"wp","href":"https:\/\/api.w.org\/{rel}","templated":true}]}}