{"id":6465,"date":"2024-05-17T10:34:19","date_gmt":"2024-05-17T10:34:19","guid":{"rendered":"https:\/\/mir-exclusive.com\/rechtlicher-hinweis\/"},"modified":"2024-05-17T10:35:59","modified_gmt":"2024-05-17T10:35:59","slug":"rechtlicher-hinweis","status":"publish","type":"page","link":"https:\/\/mir-exclusive.com\/de\/rechtlicher-hinweis\/","title":{"rendered":"Rechtlicher Hinweis"},"content":{"rendered":"\t\t<div data-elementor-type=\"wp-page\" data-elementor-id=\"6465\" class=\"elementor elementor-6465 elementor-6458\" data-elementor-post-type=\"page\">\n\t\t\t\t\t\t<section class=\"elementor-section elementor-top-section elementor-element elementor-element-e8efe08 elementor-section-boxed elementor-section-height-default elementor-section-height-default\" data-id=\"e8efe08\" data-element_type=\"section\" data-settings=\"{&quot;jet_parallax_layout_list&quot;:[],&quot;_ob_glider_is_slider&quot;:&quot;no&quot;}\">\n\t\t\t\t\t\t<div class=\"elementor-container elementor-column-gap-default\">\n\t\t\t\t\t<div class=\"elementor-column elementor-col-100 elementor-top-column elementor-element elementor-element-5879171\" data-id=\"5879171\" data-element_type=\"column\" data-settings=\"{&quot;_ob_column_hoveranimator&quot;:&quot;no&quot;,&quot;_ob_column_has_pseudo&quot;:&quot;no&quot;}\">\n\t\t\t<div class=\"elementor-widget-wrap elementor-element-populated\">\n\t\t\t\t\t\t<div class=\"elementor-element elementor-element-48b3adf ob-has-background-overlay elementor-widget elementor-widget-heading\" data-id=\"48b3adf\" data-element_type=\"widget\" data-settings=\"{&quot;_ob_widget_stalker_use&quot;:&quot;no&quot;,&quot;_ob_poopart_use&quot;:&quot;yes&quot;,&quot;_ob_shadough_use&quot;:&quot;no&quot;,&quot;_ob_allow_hoveranimator&quot;:&quot;no&quot;}\" data-widget_type=\"heading.default\">\n\t\t\t\t<div class=\"elementor-widget-container\">\n\t\t\t\t\t<h1 class=\"elementor-heading-title elementor-size-default\">Rechtlicher Hinweis<\/h1>\t\t\t\t<\/div>\n\t\t\t\t<\/div>\n\t\t\t\t<div class=\"elementor-element elementor-element-2f65607 ob-harakiri-inherit ob-has-background-overlay elementor-widget elementor-widget-text-editor\" data-id=\"2f65607\" data-element_type=\"widget\" data-settings=\"{&quot;_ob_use_harakiri&quot;:&quot;yes&quot;,&quot;_ob_harakiri_writing_mode&quot;:&quot;inherit&quot;,&quot;_ob_postman_use&quot;:&quot;no&quot;,&quot;_ob_widget_stalker_use&quot;:&quot;no&quot;,&quot;_ob_poopart_use&quot;:&quot;yes&quot;,&quot;_ob_shadough_use&quot;:&quot;no&quot;,&quot;_ob_allow_hoveranimator&quot;:&quot;no&quot;}\" data-widget_type=\"text-editor.default\">\n\t\t\t\t<div class=\"elementor-widget-container\">\n\t\t\t\t\t\t\t\t\t<ol>\n<li>IDENTIFIKATIONSDATEN<\/li>\n<\/ol>\n<p>In Erf\u00fcllung der Informationspflicht gem\u00e4\u00df Artikel 10 des Gesetzes 34\/2002 vom 11. Juli \u00fcber die Dienste der Informationsgesellschaft und den elektronischen Handel werden folgende Angaben gemacht: Inhaber der Web-Domain ist Mir-Exclusive Kontakt-E-Mail-Adresse: arenal@inmobiliariamir.com<\/p>\n<\/p>\n<ol start=\"2\">\n<li>BENUTZER<\/li>\n<\/ol>\n<p>Der Zugang und\/oder die Nutzung dieses Portals Mir-Exclusive setzt voraus, dass der BENUTZER mit dem Zugang und\/oder der Nutzung die hierin enthaltenen Allgemeinen Nutzungsbedingungen akzeptiert. Die vorgenannten Bedingungen gelten unabh\u00e4ngig von den Allgemeinen Gesch\u00e4ftsbedingungen, die gegebenenfalls zwingend sind.<\/p>\n<\/p>\n<ol start=\"3\">\n<li>NUTZUNG DES PORTALS<\/li>\n<\/ol>\n<p>mir-exclusive.com bietet Zugang zu einer Vielzahl von Informationen, Diensten, Programmen oder Daten (im Folgenden &#8222;die Inhalte&#8220;) im Internet, die Mir-Exclusive oder seinen Lizenzgebern geh\u00f6ren und zu denen der BENUTZER Zugang haben kann. Der NUTZER \u00fcbernimmt die Verantwortung f\u00fcr die Nutzung des Portals. Diese Verantwortung erstreckt sich auch auf die Registrierung, die f\u00fcr den Zugang zu bestimmten Diensten oder Inhalten erforderlich sein kann.<\/p>\n<\/p>\n<p>Der BENUTZER ist daf\u00fcr verantwortlich, bei der Registrierung wahrheitsgem\u00e4\u00dfe und rechtm\u00e4\u00dfige Angaben zu machen. Als Folge dieser Registrierung kann der BENUTZER ein Passwort erhalten, f\u00fcr das er verantwortlich ist und sich verpflichtet, es gewissenhaft und vertraulich zu verwenden. Der BENUTZER verpflichtet sich, die Inhalte und Dienste (wie z.B. Chat-Dienste, Diskussionsforen oder Newsgroups), die Mir-Exclusive \u00fcber sein Portal anbietet, angemessen zu nutzen und sie beispielsweise, aber nicht ausschlie\u00dflich, nicht zu nutzen, um (i) sich an Aktivit\u00e4ten zu beteiligen, die ungesetzlich oder illegal sind oder gegen Treu und Glauben und die \u00f6ffentliche Ordnung versto\u00dfen; (ii) Inhalte oder Propaganda mit rassistischem, fremdenfeindlichem, pornografisch-illegalem, antiterroristischem oder menschenrechtlichem Charakter zu verbreiten; (iii) Sch\u00e4den an den physischen und logischen Systemen von Mir-Exclusive, seinen Lieferanten oder Dritten zu verursachen, Computerviren oder andere physische oder logische Systeme einzuf\u00fchren oder zu verbreiten, die die vorgenannten Sch\u00e4den verursachen k\u00f6nnen; (iv) zu versuchen, auf die E-Mail-Konten anderer Nutzer zuzugreifen und diese gegebenenfalls zu nutzen sowie deren Nachrichten zu ver\u00e4ndern oder zu manipulieren. Mir-Exclusive beh\u00e4lt sich das Recht vor, alle Kommentare und Beitr\u00e4ge zu entfernen, die gegen die Achtung der Menschenw\u00fcrde versto\u00dfen, die diskriminierend, fremdenfeindlich, rassistisch oder pornografisch sind, die die Jugend oder das Kind, die Ordnung oder die \u00f6ffentliche Sicherheit bedrohen oder die nach Ansicht von Mir-Exclusive nicht zur Ver\u00f6ffentlichung geeignet sind. In jedem Fall ist Mir-Exclusive nicht f\u00fcr die Meinungen verantwortlich, die von Nutzern in Foren, Chats oder anderen Beteiligungsinstrumenten ge\u00e4u\u00dfert werden.<\/p>\n<\/p>\n<ol start=\"4\">\n<li>DATENSCHUTZ<\/li>\n<\/ol>\n<p>Mir-Exclusive h\u00e4lt sich an die Richtlinien des Organgesetzes 15\/1999 vom 13. Dezember \u00fcber den Schutz personenbezogener Daten, des k\u00f6niglichen Dekrets 1720\/2007 vom 21. Dezember, das die Verordnungen zur Entwicklung des Organgesetzes und andere jederzeit g\u00fcltige Vorschriften genehmigt, und gew\u00e4hrleistet die korrekte Verwendung und Verarbeitung der personenbezogenen Daten des Nutzers. Zu diesem Zweck wird der Benutzer zusammen mit jedem Formular f\u00fcr die Erfassung personenbezogener Daten in den Diensten, die er von arenal@inmobiliariamir.com anfordern kann, \u00fcber das Vorhandensein und die Annahme der besonderen Bedingungen f\u00fcr die Verarbeitung seiner Daten in jedem einzelnen Fall informiert, wobei er \u00fcber die Verantwortlichkeit der angelegten Datei, die Adresse des Verantwortlichen, die M\u00f6glichkeit der Aus\u00fcbung seiner Rechte auf Zugang, Berichtigung, L\u00f6schung oder Widerspruch, den Zweck der Verarbeitung und die Weitergabe von Daten an Dritte, falls zutreffend, informiert wird.<\/p>\n<p>Ebenso informiert Sie Mir-Exclusive, dass es das Gesetz 34\/2002 vom 11. Juli \u00fcber die Dienste der Informationsgesellschaft und den elektronischen Handel einh\u00e4lt und Sie jederzeit um Ihre Zustimmung zur Verarbeitung Ihrer E-Mail zu kommerziellen Zwecken bitten wird.<\/p>\n<\/p>\n<ol start=\"5\">\n<li>GEISTIGES UND GEWERBLICHES EIGENTUM<\/li>\n<\/ol>\n<p>Mir-Exclusive ist selbst oder als Abtretungsempf\u00e4nger Eigent\u00fcmer aller geistigen und gewerblichen Eigentumsrechte an seiner Website sowie an den darin enthaltenen Elementen (einschlie\u00dflich, aber nicht beschr\u00e4nkt auf Bilder, Ton, Audio, Video, Software oder Texte; Marken oder Logos, Farbkombinationen, Struktur und Design, Auswahl der verwendeten Materialien, Computerprogramme, die f\u00fcr den Betrieb, den Zugang und die Nutzung erforderlich sind, usw.), die Mir-Exclusive oder seinen Lizenzgebern geh\u00f6ren.<\/p>\n<\/p>\n<p>Alle Rechte vorbehalten. Gem\u00e4\u00df den Bestimmungen der Artikel 8 und 32.1, zweiter Absatz, des Gesetzes \u00fcber das geistige Eigentum sind die Vervielf\u00e4ltigung, die Verbreitung und die \u00f6ffentliche Wiedergabe, einschlie\u00dflich der Modalit\u00e4t der Bereitstellung, des gesamten Inhalts dieser Website oder eines Teils davon zu kommerziellen Zwecken in jedem Medium und mit jedem technischen Mittel ohne die Genehmigung von Mir-Exclusive ausdr\u00fccklich verboten. Der BENUTZER verpflichtet sich, die Rechte am geistigen und gewerblichen Eigentum von Mir-Exclusive zu respektieren. Sie d\u00fcrfen die Elemente des Portals ansehen und sogar ausdrucken, kopieren und auf der Festplatte Ihres Computers oder auf einem anderen physischen Medium speichern, vorausgesetzt, dass dies einzig und allein zu Ihrem pers\u00f6nlichen und privaten Gebrauch geschieht. Der BENUTZER hat es zu unterlassen, die auf der Mir-Exclusive Website installierten Schutzvorrichtungen oder Sicherheitssysteme zu l\u00f6schen, zu ver\u00e4ndern, zu umgehen oder zu manipulieren.<\/p>\n<\/p>\n<ol start=\"6\">\n<li>AUSSCHLUSS VON GARANTIEN UND HAFTUNG<\/li>\n<\/ol>\n<p>Mir-Exclusive haftet unter keinen Umst\u00e4nden f\u00fcr Sch\u00e4den jeglicher Art, die durch Fehler oder Auslassungen in den Inhalten, mangelnde Verf\u00fcgbarkeit des Portals oder die \u00dcbertragung von Viren oder b\u00f6sartigen oder sch\u00e4dlichen Programmen in den Inhalten verursacht werden k\u00f6nnen, obwohl alle notwendigen technischen Ma\u00dfnahmen zu deren Verhinderung getroffen wurden.<\/p>\n<\/p>\n<ol start=\"7\">\n<li>\u00c4NDERUNGEN<\/li>\n<\/ol>\n<p>Mir-Exclusive beh\u00e4lt sich das Recht vor, unangek\u00fcndigte \u00c4nderungen an seinem Portal vorzunehmen, die es f\u00fcr angemessen h\u00e4lt, und Inhalte und Dienstleistungen, die \u00fcber das Portal angeboten werden, zu \u00e4ndern, zu l\u00f6schen oder hinzuzuf\u00fcgen, ebenso wie die Art und Weise, wie sie auf dem Portal pr\u00e4sentiert werden.<\/p>\n<\/p>\n<ol start=\"8\">\n<li>LINKS<\/li>\n<\/ol>\n<p>F\u00fcr den Fall, dass mir-exclusive.com Links oder Hyperlinks zu anderen Internetseiten enth\u00e4lt, \u00fcbt Mir-Exclusive keinerlei Kontrolle \u00fcber diese Seiten und Inhalte aus. Mir-Exclusive \u00fcbernimmt unter keinen Umst\u00e4nden die Verantwortung f\u00fcr den Inhalt eines Links, der zu einer externen Website geh\u00f6rt, und garantiert auch nicht die technische Verf\u00fcgbarkeit, Qualit\u00e4t, Zuverl\u00e4ssigkeit, Genauigkeit, Vollst\u00e4ndigkeit, Wahrhaftigkeit, G\u00fcltigkeit und Verfassungsm\u00e4\u00dfigkeit von Material oder Informationen, die in einem dieser Hyperlinks oder anderen Internetseiten enthalten sind.<\/p>\n<\/p>\n<p>Ebenso impliziert die Aufnahme dieser externen Verbindungen keine Art von Assoziation, Fusion oder Beteiligung mit den verbundenen Unternehmen.<\/p>\n<\/p>\n<ol start=\"9\">\n<li>RECHT AUF AUSSCHLUSS<\/li>\n<\/ol>\n<p>Mir-Exclusive beh\u00e4lt sich das Recht vor, den Zugang zum Portal und\/oder zu den angebotenen Diensten ohne vorherige Ank\u00fcndigung zu verweigern oder zu entziehen, und zwar auf eigenes Verlangen oder auf Verlangen eines Dritten gegen\u00fcber denjenigen Nutzern, die die vorliegenden Allgemeinen Nutzungsbedingungen nicht einhalten.<\/p>\n<\/p>\n<ol start=\"10\">\n<li>ALLGEMEINES<\/li>\n<\/ol>\n<p>Mir-Exclusive wird den Versto\u00df gegen die vorliegenden Bedingungen sowie jede missbr\u00e4uchliche Nutzung seines Portals mit allen zivil- und strafrechtlichen Ma\u00dfnahmen verfolgen, die ihm gesetzlich zustehen k\u00f6nnen.<\/p>\n<\/p>\n<ol start=\"11\">\n<li>\u00c4NDERUNG DIESER BEDINGUNGEN UND DAUER<\/li>\n<\/ol>\n<p>Mir-Exclusive kann die hier festgelegten Bedingungen jederzeit \u00e4ndern, da sie hier ordnungsgem\u00e4\u00df ver\u00f6ffentlicht werden.<\/p>\n<p>Die G\u00fcltigkeit dieser Bedingungen h\u00e4ngt von ihrer Anzeige ab und bleibt in Kraft, bis sie ordnungsgem\u00e4\u00df ver\u00f6ffentlicht werden. von anderen ge\u00e4ndert werden k\u00f6nnen.<\/p>\n<\/p>\n<ol start=\"12\">\n<li>ANWENDBARES RECHT UND GERICHTSBARKEIT<\/li>\n<\/ol>\n<p>Die Beziehung zwischen Mir-Exclusive und dem BENUTZER unterliegt der geltenden spanischen Gesetzgebung und alle Streitigkeiten werden den Gerichten der Stadt Palma de Mallorca vorgelegt.<\/p>\n\t\t\t\t\t\t\t\t<\/div>\n\t\t\t\t<\/div>\n\t\t\t\t\t<\/div>\n\t\t<\/div>\n\t\t\t\t\t<\/div>\n\t\t<\/section>\n\t\t\t\t<\/div>\n\t\t","protected":false},"excerpt":{"rendered":"<p>Rechtlicher Hinweis IDENTIFIKATIONSDATEN In Erf\u00fcllung der Informationspflicht gem\u00e4\u00df Artikel 10 des Gesetzes 34\/2002 vom 11. Juli \u00fcber die Dienste der Informationsgesellschaft und den elektronischen Handel werden folgende Angaben gemacht: Inhaber der Web-Domain ist Mir-Exclusive Kontakt-E-Mail-Adresse: arenal@inmobiliariamir.com BENUTZER Der Zugang und\/oder die Nutzung dieses Portals Mir-Exclusive setzt voraus, dass der BENUTZER mit dem Zugang und\/oder der [&hellip;]<\/p>\n","protected":false},"author":1,"featured_media":0,"parent":0,"menu_order":0,"comment_status":"closed","ping_status":"closed","template":"","meta":{"footnotes":""},"class_list":["post-6465","page","type-page","status-publish","hentry"],"yoast_head":"<!-- This site is optimized with the Yoast SEO plugin v26.8 - https:\/\/yoast.com\/product\/yoast-seo-wordpress\/ -->\n<title>Rechtlicher Hinweis | Mir-exclusive<\/title>\n<meta name=\"robots\" content=\"noindex, nofollow\" \/>\n<script type=\"application\/ld+json\" class=\"yoast-schema-graph\">{\"@context\":\"https:\/\/schema.org\",\"@graph\":[{\"@type\":\"WebPage\",\"@id\":\"https:\/\/mir-exclusive.com\/de\/rechtlicher-hinweis\/\",\"url\":\"https:\/\/mir-exclusive.com\/de\/rechtlicher-hinweis\/\",\"name\":\"Rechtlicher Hinweis | Mir-exclusive\",\"isPartOf\":{\"@id\":\"https:\/\/mir-exclusive.com\/#website\"},\"datePublished\":\"2024-05-17T10:34:19+00:00\",\"dateModified\":\"2024-05-17T10:35:59+00:00\",\"breadcrumb\":{\"@id\":\"https:\/\/mir-exclusive.com\/de\/rechtlicher-hinweis\/#breadcrumb\"},\"inLanguage\":\"de\",\"potentialAction\":[{\"@type\":\"ReadAction\",\"target\":[\"https:\/\/mir-exclusive.com\/de\/rechtlicher-hinweis\/\"]}]},{\"@type\":\"BreadcrumbList\",\"@id\":\"https:\/\/mir-exclusive.com\/de\/rechtlicher-hinweis\/#breadcrumb\",\"itemListElement\":[{\"@type\":\"ListItem\",\"position\":1,\"name\":\"Portada\",\"item\":\"https:\/\/mir-exclusive.com\/\"},{\"@type\":\"ListItem\",\"position\":2,\"name\":\"Rechtlicher Hinweis\"}]},{\"@type\":\"WebSite\",\"@id\":\"https:\/\/mir-exclusive.com\/#website\",\"url\":\"https:\/\/mir-exclusive.com\/\",\"name\":\"Mir-exclusive\",\"description\":\"Tu propiedad de lujo en Mallorca con Mir-Exclusive\",\"publisher\":{\"@id\":\"https:\/\/mir-exclusive.com\/#organization\"},\"potentialAction\":[{\"@type\":\"SearchAction\",\"target\":{\"@type\":\"EntryPoint\",\"urlTemplate\":\"https:\/\/mir-exclusive.com\/?s={search_term_string}\"},\"query-input\":{\"@type\":\"PropertyValueSpecification\",\"valueRequired\":true,\"valueName\":\"search_term_string\"}}],\"inLanguage\":\"de\"},{\"@type\":\"Organization\",\"@id\":\"https:\/\/mir-exclusive.com\/#organization\",\"name\":\"Mir-exclusive\",\"url\":\"https:\/\/mir-exclusive.com\/\",\"logo\":{\"@type\":\"ImageObject\",\"inLanguage\":\"de\",\"@id\":\"https:\/\/mir-exclusive.com\/#\/schema\/logo\/image\/\",\"url\":\"https:\/\/mir-exclusive.com\/wp-content\/uploads\/2023\/05\/mir_clipdrop-background-removal.png\",\"contentUrl\":\"https:\/\/mir-exclusive.com\/wp-content\/uploads\/2023\/05\/mir_clipdrop-background-removal.png\",\"width\":1024,\"height\":217,\"caption\":\"Mir-exclusive\"},\"image\":{\"@id\":\"https:\/\/mir-exclusive.com\/#\/schema\/logo\/image\/\"}}]}<\/script>\n<!-- \/ Yoast SEO plugin. -->","yoast_head_json":{"title":"Rechtlicher Hinweis | Mir-exclusive","robots":{"index":"noindex","follow":"nofollow"},"schema":{"@context":"https:\/\/schema.org","@graph":[{"@type":"WebPage","@id":"https:\/\/mir-exclusive.com\/de\/rechtlicher-hinweis\/","url":"https:\/\/mir-exclusive.com\/de\/rechtlicher-hinweis\/","name":"Rechtlicher Hinweis | Mir-exclusive","isPartOf":{"@id":"https:\/\/mir-exclusive.com\/#website"},"datePublished":"2024-05-17T10:34:19+00:00","dateModified":"2024-05-17T10:35:59+00:00","breadcrumb":{"@id":"https:\/\/mir-exclusive.com\/de\/rechtlicher-hinweis\/#breadcrumb"},"inLanguage":"de","potentialAction":[{"@type":"ReadAction","target":["https:\/\/mir-exclusive.com\/de\/rechtlicher-hinweis\/"]}]},{"@type":"BreadcrumbList","@id":"https:\/\/mir-exclusive.com\/de\/rechtlicher-hinweis\/#breadcrumb","itemListElement":[{"@type":"ListItem","position":1,"name":"Portada","item":"https:\/\/mir-exclusive.com\/"},{"@type":"ListItem","position":2,"name":"Rechtlicher Hinweis"}]},{"@type":"WebSite","@id":"https:\/\/mir-exclusive.com\/#website","url":"https:\/\/mir-exclusive.com\/","name":"Mir-exclusive","description":"Tu propiedad de lujo en Mallorca con Mir-Exclusive","publisher":{"@id":"https:\/\/mir-exclusive.com\/#organization"},"potentialAction":[{"@type":"SearchAction","target":{"@type":"EntryPoint","urlTemplate":"https:\/\/mir-exclusive.com\/?s={search_term_string}"},"query-input":{"@type":"PropertyValueSpecification","valueRequired":true,"valueName":"search_term_string"}}],"inLanguage":"de"},{"@type":"Organization","@id":"https:\/\/mir-exclusive.com\/#organization","name":"Mir-exclusive","url":"https:\/\/mir-exclusive.com\/","logo":{"@type":"ImageObject","inLanguage":"de","@id":"https:\/\/mir-exclusive.com\/#\/schema\/logo\/image\/","url":"https:\/\/mir-exclusive.com\/wp-content\/uploads\/2023\/05\/mir_clipdrop-background-removal.png","contentUrl":"https:\/\/mir-exclusive.com\/wp-content\/uploads\/2023\/05\/mir_clipdrop-background-removal.png","width":1024,"height":217,"caption":"Mir-exclusive"},"image":{"@id":"https:\/\/mir-exclusive.com\/#\/schema\/logo\/image\/"}}]}},"_links":{"self":[{"href":"https:\/\/mir-exclusive.com\/de\/wp-json\/wp\/v2\/pages\/6465","targetHints":{"allow":["GET"]}}],"collection":[{"href":"https:\/\/mir-exclusive.com\/de\/wp-json\/wp\/v2\/pages"}],"about":[{"href":"https:\/\/mir-exclusive.com\/de\/wp-json\/wp\/v2\/types\/page"}],"author":[{"embeddable":true,"href":"https:\/\/mir-exclusive.com\/de\/wp-json\/wp\/v2\/users\/1"}],"replies":[{"embeddable":true,"href":"https:\/\/mir-exclusive.com\/de\/wp-json\/wp\/v2\/comments?post=6465"}],"version-history":[{"count":1,"href":"https:\/\/mir-exclusive.com\/de\/wp-json\/wp\/v2\/pages\/6465\/revisions"}],"predecessor-version":[{"id":6466,"href":"https:\/\/mir-exclusive.com\/de\/wp-json\/wp\/v2\/pages\/6465\/revisions\/6466"}],"wp:attachment":[{"href":"https:\/\/mir-exclusive.com\/de\/wp-json\/wp\/v2\/media?parent=6465"}],"curies":[{"name":"wp","href":"https:\/\/api.w.org\/{rel}","templated":true}]}}