{"id":3370,"date":"2023-07-05T15:53:08","date_gmt":"2023-07-05T15:53:08","guid":{"rendered":"https:\/\/mir-exclusive.com\/datenschutzrichtlinie\/"},"modified":"2023-07-05T16:11:11","modified_gmt":"2023-07-05T16:11:11","slug":"datenschutzrichtlinie","status":"publish","type":"page","link":"https:\/\/mir-exclusive.com\/de\/datenschutzrichtlinie\/","title":{"rendered":"Datenschutzrichtlinie"},"content":{"rendered":"\t\t<div data-elementor-type=\"wp-page\" data-elementor-id=\"3370\" class=\"elementor elementor-3370 elementor-3363\" data-elementor-post-type=\"page\">\n\t\t\t\t\t\t<section class=\"elementor-section elementor-top-section elementor-element elementor-element-0be8999 elementor-section-boxed elementor-section-height-default elementor-section-height-default\" data-id=\"0be8999\" data-element_type=\"section\" data-settings=\"{&quot;jet_parallax_layout_list&quot;:[],&quot;_ob_glider_is_slider&quot;:&quot;no&quot;}\">\n\t\t\t\t\t\t<div class=\"elementor-container elementor-column-gap-default\">\n\t\t\t\t\t<div class=\"elementor-column elementor-col-100 elementor-top-column elementor-element elementor-element-d840468\" data-id=\"d840468\" data-element_type=\"column\" data-settings=\"{&quot;_ob_column_hoveranimator&quot;:&quot;no&quot;,&quot;_ob_column_has_pseudo&quot;:&quot;no&quot;}\">\n\t\t\t<div class=\"elementor-widget-wrap elementor-element-populated\">\n\t\t\t\t\t\t<div class=\"elementor-element elementor-element-fc34f9f ob-has-background-overlay elementor-widget elementor-widget-heading\" data-id=\"fc34f9f\" data-element_type=\"widget\" data-settings=\"{&quot;_ob_widget_stalker_use&quot;:&quot;no&quot;,&quot;_ob_poopart_use&quot;:&quot;yes&quot;,&quot;_ob_shadough_use&quot;:&quot;no&quot;,&quot;_ob_allow_hoveranimator&quot;:&quot;no&quot;}\" data-widget_type=\"heading.default\">\n\t\t\t\t<div class=\"elementor-widget-container\">\n\t\t\t\t\t<h2 class=\"elementor-heading-title elementor-size-default\">Datenschutzrichtlinie<\/h2>\t\t\t\t<\/div>\n\t\t\t\t<\/div>\n\t\t\t\t<div class=\"elementor-element elementor-element-5e8b27d ob-harakiri-inherit ob-has-background-overlay elementor-widget elementor-widget-text-editor\" data-id=\"5e8b27d\" data-element_type=\"widget\" data-settings=\"{&quot;_ob_use_harakiri&quot;:&quot;yes&quot;,&quot;_ob_harakiri_writing_mode&quot;:&quot;inherit&quot;,&quot;_ob_postman_use&quot;:&quot;no&quot;,&quot;_ob_widget_stalker_use&quot;:&quot;no&quot;,&quot;_ob_poopart_use&quot;:&quot;yes&quot;,&quot;_ob_shadough_use&quot;:&quot;no&quot;,&quot;_ob_allow_hoveranimator&quot;:&quot;no&quot;}\" data-widget_type=\"text-editor.default\">\n\t\t\t\t<div class=\"elementor-widget-container\">\n\t\t\t\t\t\t\t\t\t<p>Ihre Privatsph\u00e4re ist <strong>mir-exclusive.com<\/strong> wichtig. In dieser Datenschutzerkl\u00e4rung wird erl\u00e4utert, welche personenbezogenen Daten wir von unseren Nutzern erheben und wie wir sie verwenden. Wir empfehlen Ihnen, diese Bedingungen sorgf\u00e4ltig zu lesen, bevor Sie Ihre personenbezogenen Daten auf dieser Website angeben. Personen \u00fcber 14 Jahren k\u00f6nnen ohne vorherige Zustimmung ihrer Eltern oder Erziehungsberechtigten alle Funktionen nutzen, bei denen private Daten angeboten werden.<\/p>\n<p>Bei Kindern unter 14 Jahren ist f\u00fcr die Verarbeitung ihrer personenbezogenen Daten die Zustimmung der Eltern oder Erziehungsberechtigten erforderlich.<\/p>\n<p>In keinem Fall werden Daten \u00fcber die berufliche, wirtschaftliche oder private Situation der anderen Familienmitglieder ohne deren Zustimmung vom Minderj\u00e4hrigen erhoben.<\/p>\n<p>Wenn Sie unter 14 Jahre alt sind und auf diese Website zugegriffen haben, ohne Ihre Eltern zu benachrichtigen, sollten Sie keine personenbezogenen Daten weitergeben.<\/p>\n<p>Diese Website respektiert und k\u00fcmmert sich um die personenbezogenen Daten der Benutzer. Als Nutzer sollten Sie wissen, dass Ihre Rechte gew\u00e4hrleistet sind.<\/p>\n<p><strong>Mir-exclusive.com<\/strong>  hat diese Website an die Anforderungen der Verordnung (EU) 2016\/679 des Europ\u00e4ischen Parlaments und des Rates vom 27. April 2016 zum Schutz nat\u00fcrlicher Personen (DSGVO), des Organgesetzes 3\/2018 vom 5. Dezember \u00fcber den Schutz personenbezogener Daten und die Gew\u00e4hrleistung digitaler Rechte (LOPDGDD) sowie des Gesetzes 34\/2002 angepasst,  vom 11. Juli, Dienstleistungen der Informationsgesellschaft und des elektronischen Gesch\u00e4ftsverkehrs (LSSICE oder LSSI).<\/p>\n<p><strong>Verantwortlich f\u00fcr die Verarbeitung Ihrer personenbezogenen Daten<\/strong><\/p>\n<p>&#8211;<\/p>\n<p><strong>Wie haben wir Ihre Daten erhalten?<\/strong><\/p>\n<p>Die personenbezogenen Daten <strong>, die<\/strong> wir in mir-exclusive.com verarbeiten, stammen aus:<\/p>\n<ul>\n<li>Kontaktformular<\/li>\n<\/ul>\n<p><strong>Welche Rechte haben Sie, wenn Sie uns Ihre Daten zur Verf\u00fcgung stellen?<\/strong><\/p>\n<p>Jeder hat das Recht, eine Best\u00e4tigung dar\u00fcber zu erhalten, ob <strong>wir mir-exclusive.com<\/strong> seine personenbezogenen Daten verarbeiten.<\/p>\n<p>Interessierte Personen haben das Recht:<\/p>\n<ul>\n<li>Zugang zu personenbezogenen Daten des Betroffenen zu verlangen<\/li>\n<li>Berichtigung oder L\u00f6schung beantragen<\/li>\n<li>Beantragen Sie die Einschr\u00e4nkung Ihrer Behandlung<\/li>\n<li>Widerspruch gegen die Verarbeitung<\/li>\n<li>Daten\u00fcbertragbarkeit beantragen<\/li>\n<\/ul>\n<p>Die betroffenen Personen k\u00f6nnen auf ihre personenbezogenen Daten zugreifen sowie die Berichtigung unrichtiger Daten oder gegebenenfalls deren L\u00f6schung verlangen, wenn die Daten unter anderem f\u00fcr die erhobenen Zwecke nicht mehr erforderlich sind. Unter bestimmten Umst\u00e4nden k\u00f6nnen Interessenten die Einschr\u00e4nkung der Verarbeitung ihrer Daten verlangen, in diesem Fall werde ich sie nur zur Aus\u00fcbung oder Verteidigung von Anspr\u00fcchen aufbewahren.<\/p>\n<p>Bei der Aus\u00fcbung Ihres Rechts auf Daten\u00fcbertragbarkeit haben Sie das Recht, personenbezogene Daten direkt von Verantwortlichem zu Verantwortlichem \u00fcbermitteln zu lassen, soweit dies technisch machbar ist.<\/p>\n<p>Die betroffenen Parteien haben auch das Recht auf effektiven gerichtlichen Rechtsschutz und die M\u00f6glichkeit, eine Beschwerde bei der Aufsichtsbeh\u00f6rde, in diesem Fall der spanischen Datenschutzbeh\u00f6rde, einzureichen, wenn sie der Ansicht sind, dass die Verarbeitung der sie betreffenden personenbezogenen Daten gegen die Verordnung verst\u00f6\u00dft.<\/p>\n<p><strong>Zu welchem Zweck verarbeiten wir Ihre personenbezogenen Daten?<\/strong><\/p>\n<p>Wenn ein Benutzer eine Verbindung zu dieser Website herstellt, z. B. um einen Beitrag zu kommentieren, eine E-Mail an den Eigent\u00fcmer zu senden, ein Abonnement abzuschlie\u00dfen oder einen Vertrag abzuschlie\u00dfen, stellt er personenbezogene Daten zur Verf\u00fcgung, f\u00fcr <strong>deren mir-exclusive.com<\/strong> er verantwortlich ist. Diese Informationen k\u00f6nnen personenbezogene Daten wie Ihre IP-Adresse, Ihren Namen, Ihre Postanschrift, Ihre E-Mail-Adresse, Ihre Telefonnummer und andere Informationen enthalten. Durch die Bereitstellung dieser Informationen erkl\u00e4rt sich der Nutzer damit einverstanden, dass seine Daten von <strong>mir-exclusive.com<\/strong> nur wie im Impressum und in dieser Datenschutzerkl\u00e4rung beschrieben gesammelt, verwendet, verwaltet und gespeichert werden.<\/p>\n<p>In <strong>mir-exclusive.com<\/strong> gibt es verschiedene Systeme zur Erfassung personenbezogener Daten und ich behandle die von interessierten Personen zur Verf\u00fcgung gestellten Informationen f\u00fcr jedes Erfassungssystem (Formulare) mit folgendem Zweck:<\/p>\n<ul>\n<li>Kontaktformular: Der Zweck besteht darin, das im Kontaktformular angegebene Kommunikationsobjekt des Subjekts selbst zu pflegen.<\/li>\n<\/ul>\n<p>Es gibt weitere Zwecke, f\u00fcr die wir Ihre personenbezogenen Daten verarbeiten:<\/p>\n<ul>\n<li>Um die Einhaltung der Nutzungsbedingungen und des geltenden Rechts zu gew\u00e4hrleisten. Dies kann die Entwicklung von Tools und Algorithmen umfassen, die dieser Website helfen, die Vertraulichkeit der von ihr gesammelten personenbezogenen Daten zu gew\u00e4hrleisten.<\/li>\n<li>Um die auf dieser Website angebotenen Dienste zu unterst\u00fctzen und zu verbessern.<\/li>\n<li>Es werden auch andere nicht identifizierende Daten gesammelt, die durch einige Cookies erhalten werden, die beim Surfen auf dieser Website auf den Computer des Benutzers heruntergeladen werden, die ich in der Cookie-Richtlinie detailliert beschreibe.<\/li>\n<li>Um soziale Netzwerke zu verwalten. <strong>mir-exclusive.com<\/strong> k\u00f6nnen in sozialen Netzwerken pr\u00e4sent sein. Die Verarbeitung der Daten von Personen, die in den sozialen Netzwerken der offiziellen Seiten zu Followern werden, wird <strong>mir-exclusive.com<\/strong> durch diesen Abschnitt geregelt. Sowie f\u00fcr die Nutzungsbedingungen, Datenschutzerkl\u00e4rungen und Zugangsregelungen, die zu dem jeweils angemessenen und zuvor vom Nutzer der <strong>mir-exclusive.com<\/strong> akzeptierten sozialen Netzwerks geh\u00f6ren. Es verarbeitet Ihre Daten, um Ihre Pr\u00e4senz im sozialen Netzwerk korrekt zu verwalten und \u00fcber Aktivit\u00e4ten, Produkte oder Dienstleistungen von <strong>mir-exclusive.com<\/strong> zu informieren. Sowie f\u00fcr jeden anderen Zweck, den die Vorschriften der sozialen Netzwerke zulassen. In keinem Fall werden wir die Profile von Followern in sozialen Netzwerken verwenden, um Werbung individuell zu versenden.<\/li>\n<\/ul>\n<p><strong>Mir-exclusive.com<\/strong>, verkauft, vermietet oder \u00fcbertr\u00e4gt keine personenbezogenen Daten, die den Nutzer identifizieren k\u00f6nnen, und wird dies auch in Zukunft nicht ohne vorherige Zustimmung an Dritte tun. In einigen F\u00e4llen kann jedoch eine Zusammenarbeit mit anderen Fachleuten erfolgen, in diesen F\u00e4llen ist die Zustimmung der Benutzer erforderlich, die \u00fcber die Identit\u00e4t des Mitarbeiters und den Zweck der Zusammenarbeit informieren. Es wird immer mit den strengsten Sicherheitsstandards durchgef\u00fchrt.<\/p>\n<p><strong>Legitimation f\u00fcr die Verarbeitung Ihrer Daten<\/strong><\/p>\n<p>Die Rechtsgrundlage f\u00fcr die Verarbeitung Ihrer Daten ist: Einwilligung.<\/p>\n<p>Um diese Website zu kontaktieren oder Kommentare abzugeben, ist die Zustimmung zu dieser Datenschutzerkl\u00e4rung erforderlich.<\/p>\n<p>Das prospektive oder kommerzielle Angebot von Produkten und Dienstleistungen basiert auf der angeforderten Einwilligung, ohne dass der Widerruf dieser Zustimmung in jedem Fall die Ausf\u00fchrung des Abonnementvertrags bedingt.<\/p>\n<p>Auch die Beauftragung von Produkten und Dienstleistungen gem\u00e4\u00df den im Impressum enthaltenen Bedingungen.<\/p>\n<p><strong>Datenkategorie<\/strong><\/p>\n<p>Bei den Datenkategorien, die verarbeitet werden, handelt es sich um identifizierende Daten.<\/p>\n<p>Besonders gesch\u00fctzte Kategorien von Daten werden nicht verarbeitet.<\/p>\n<p><strong>Wie lange bewahren wir Ihre Daten auf?<\/strong><\/p>\n<p>Die zur Verf\u00fcgung gestellten personenbezogenen Daten werden wie folgt gespeichert:<\/p>\n<ul>\n<li>Solange die Gesch\u00e4ftsbeziehung aufrechterhalten wird.<\/li>\n<li>Bis zur L\u00f6schung durch den Interessenten.<\/li>\n<li>Zeitraum ab der letzten Interessenbest\u00e4tigung: 1 Jahr.<\/li>\n<\/ul>\n<p><strong>An welche Empf\u00e4nger werden Ihre Daten weitergegeben?<\/strong><\/p>\n<p>Viele Tools, die wir zur Verwaltung Ihrer Daten verwenden, werden von Dritten in Auftrag gegeben.<\/p>\n<p>Um Dienstleistungen zu erbringen, die f\u00fcr die Entwicklung der Aktivit\u00e4t unbedingt erforderlich <strong>sind, mir-exclusive.com die Daten an die<\/strong> folgenden Anbieter unter den entsprechenden Datenschutzbedingungen weitergegeben:<\/p>\n<p>Google <strong>Analytics:<\/strong> ein Webanalysedienst der Google Inc. ein Unternehmen aus Delaware mit Hauptsitz in 1600 Amphitheatre Parkway, Mountain View (Kalifornien), CA 94043, USA (&#8222;Google&#8220;). Google Analytics verwendet sog. &#8222;Cookies&#8220;, Textdateien, die auf Ihrem Computer gespeichert werden und die eine Analyse <strong>mir-exclusive.com<\/strong> Benutzung der Website durch Sie erm\u00f6glichen. Die durch den Cookie erzeugten Informationen \u00fcber Ihre Benutzung <strong>mir-exclusive.com<\/strong> (einschlie\u00dflich Ihrer IP-Adresse) werden direkt an einen Server von Google in den USA \u00fcbertragen und dort gespeichert.<\/p>\n<p><strong>Server: <\/strong>Alle Daten, die auf dem Server gespeichert werden, auf dem diese Website gehostet wird, werden im Rechenzentrum der One.com Group AB gespeichert<br \/>Carlsgatan 3 211 20 Malm\u00f6, Schweden. Dieses Unternehmen hat jedoch keinen Zugriff auf die Datenabfrage, da es sich um einen nicht verwalteten virtuellen Server handelt.<\/p>\n<p><strong>Beratung \/ Management:<\/strong> Im Falle von <strong>mir-exclusive.com<\/strong> haben wir keine Dienstleistung dieser Art in Anspruch genommen, die Zugriff auf Ihre Daten haben k\u00f6nnte.<\/p>\n<p><strong>Web-Plattform:<\/strong> Die WordPress Foundation mit Sitz in den USA. Weitere Informationen unter: https:\/\/wordpress.org (The WordPress Foundation). Die WordPress Foundation verarbeitet die Daten, um ihre Webplattformdienste f\u00fcr <strong>mir-exclusive.com<\/strong> zu erbringen.<\/p>\n<p><strong>Navigation<\/strong><\/p>\n<p>Beim Surfen <strong>mir-exclusive.com<\/strong> k\u00f6nnen nicht identifizierbare Daten gesammelt werden, darunter IP-Adressen, der geografische Standort (ungef\u00e4hr), eine Aufzeichnung der Nutzung von Diensten und Websites und andere Daten, die nicht zur Identifizierung des Benutzers verwendet werden k\u00f6nnen.<\/p>\n<p>Zu den nicht identifizierenden Daten geh\u00f6ren auch solche, die sich auf Ihre Surfgewohnheiten \u00fcber Dienste von Drittanbietern beziehen. Diese Website verwendet die folgenden Analysedienste von Drittanbietern:<\/p>\n<ul>\n<li>Google Analytik<\/li>\n<\/ul>\n<p>Wir verwenden diese Informationen, um Trends zu analysieren, die Website zu verwalten, die Bewegungen der Benutzer auf der Website zu verfolgen und demografische Informationen \u00fcber unsere Benutzerbasis als Ganzes zu sammeln.<\/p>\n<p><strong>Datengeheimnis und Datensicherheit<\/strong><\/p>\n<p><strong>Mir-exclusive.com<\/strong>  Sie verpflichtet sich, die personenbezogenen Daten der Nutzer zu verwenden und zu verarbeiten, ihre Vertraulichkeit zu wahren und sie in \u00dcbereinstimmung mit ihrem Zweck zu verwenden, sowie ihrer Verpflichtung nachzukommen, sie zu speichern und alle Ma\u00dfnahmen anzupassen, um \u00c4nderungen, Verluste, Behandlungen oder unbefugten Zugriff gem\u00e4\u00df den Bestimmungen der geltenden Datenschutzbestimmungen zu vermeiden.<\/p>\n<p>Diese Website enth\u00e4lt ein SSL-Zertifikat. Es handelt sich um ein Sicherheitsprotokoll, das daf\u00fcr sorgt, dass Ihre Daten auf integrale und sichere Weise \u00fcbertragen werden, dh die \u00dcbertragung von Daten zwischen einem Server und einem Webbenutzer, und in der R\u00fcckmeldung vollst\u00e4ndig verschl\u00fcsselt oder verschl\u00fcsselt ist.<\/p>\n<p><strong>mir-exclusive.com<\/strong> kann die absolute Uneinnehmbarkeit des Internet-Netzwerks und damit die Verletzung von Daten durch betr\u00fcgerischen Zugriff durch Dritte nicht garantieren.<\/p>\n<p>In Bezug auf die Vertraulichkeit der Verarbeitung stellen mir-exclusive.com sicher, dass jede Person, die von <strong>mir-exclusive.com<\/strong> zur Verarbeitung von Kundendaten autorisiert ist (einschlie\u00dflich ihrer Mitarbeiter, <strong> Mitarbeiter und Anbieter), der entsprechenden Geheimhaltungspflicht unterliegt (entweder einer vertraglichen oder einer gesetzlichen Verpflichtung).<\/strong><\/p>\n<p>Wenn ein Sicherheitsvorfall eintritt, m\u00fcssen Sie den Kunden unverz\u00fcglich benachrichtigen, sobald Sie von <strong>mir-exclusive.com<\/strong> Kenntnis erlangen, und rechtzeitig Informationen in Bezug auf den Sicherheitsvorfall bereitstellen, sofern dies bekannt ist oder wenn der Kunde dies vern\u00fcnftigerweise verlangt.<\/p>\n<p><strong>Genauigkeit und Richtigkeit der Daten<\/strong><\/p>\n<p>Als Nutzer sind Sie allein verantwortlich f\u00fcr die Richtigkeit und Richtigkeit der Daten, die Sie an <strong> mir-exclusive.com senden, und entbinden <strong>mir-exclusive.com<\/strong> von jeglicher Verantwortung in dieser Hinsicht.<\/strong><\/p>\n<p>Die Nutzer garantieren und antworten in jedem Fall auf die Richtigkeit, G\u00fcltigkeit und Authentizit\u00e4t der zur Verf\u00fcgung gestellten personenbezogenen Daten und verpflichten sich, diese ordnungsgem\u00e4\u00df auf dem neuesten Stand zu halten. Der Nutzer verpflichtet sich, im Kontakt- oder Anmeldeformular vollst\u00e4ndige und korrekte Angaben zu machen.<\/p>\n<p><strong>Annahme und Zustimmung<\/strong><\/p>\n<p>Der Nutzer erkl\u00e4rt, \u00fcber die Bedingungen zum Schutz personenbezogener Daten informiert worden zu sein und akzeptiert und stimmt deren Verarbeitung durch <strong>mir-exclusive.com<\/strong> in der in dieser Datenschutzerkl\u00e4rung angegebenen Weise und zu den in dieser Datenschutzerkl\u00e4rung angegebenen Zwecken zu.<\/p>\n<p><strong>Widerruflichkeit<\/strong><\/p>\n<p>Die erteilte Einwilligung, sowohl f\u00fcr die Verarbeitung als auch f\u00fcr die \u00dcbermittlung der Daten der Interessenten, ist jederzeit widerruflich<br \/>Mitteilung an <strong>mir-exclusive.com<\/strong> gem\u00e4\u00df den in dieser Richtlinie festgelegten Bedingungen f\u00fcr die Aus\u00fcbung der ARCO-Rechte. Dieser Widerruf in<br \/>Kein Fall ist r\u00fcckwirkend.<\/p>\n<p><strong>\u00c4nderungen der Datenschutzerkl\u00e4rung<\/strong><\/p>\n<p><strong>Mir-exclusive.com<\/strong> beh\u00e4lt sich das Recht vor, diese Richtlinie zu \u00e4ndern, um sie an neue Gesetze oder Rechtsprechungen sowie Branchenpraktiken anzupassen. In solchen F\u00e4llen <strong>mir-exclusive.com<\/strong> die eingef\u00fchrten \u00c4nderungen auf dieser Seite mit angemessener Vorwegnahme ihrer Umsetzung bekannt gegeben.  <\/p>\n<p><strong>Kommerzielle E-Mails<\/strong><\/p>\n<p>Nach Angaben der LSSICE f\u00fchrt <strong>mir-exclusive.com<\/strong> keine SPAM-Praktiken durch und versendet daher keine kommerziellen E-Mails, die nicht zuvor vom Benutzer angefordert oder autorisiert wurden. Folglich hat der Benutzer in jedem der im Internet verf\u00fcgbaren Formulare die M\u00f6glichkeit, seine ausdr\u00fcckliche Zustimmung zum Erhalt des Newsletters zu erteilen, unabh\u00e4ngig von den umgehend angeforderten kommerziellen Informationen.<\/p>\n<p>In \u00dcbereinstimmung mit den Bestimmungen des Gesetzes 34\/2002 \u00fcber Dienstleistungen der Informationsgesellschaft und des elektronischen Gesch\u00e4ftsverkehrs verpflichtet <strong>sich mir-exclusive.com<\/strong> , keine kommerziellen Mitteilungen zu versenden, ohne sie ordnungsgem\u00e4\u00df zu kennzeichnen.<\/p>\n<p>Im Namen des Teams bedanken wir uns mir-exclusive.com Ihnen f\u00fcr die Zeit <strong>,<\/strong> die Sie sich f\u00fcr das Lesen dieser Datenschutzerkl\u00e4rung genommen haben.<\/p>\n\t\t\t\t\t\t\t\t<\/div>\n\t\t\t\t<\/div>\n\t\t\t\t\t<\/div>\n\t\t<\/div>\n\t\t\t\t\t<\/div>\n\t\t<\/section>\n\t\t\t\t<\/div>\n\t\t","protected":false},"excerpt":{"rendered":"<p>Datenschutzrichtlinie Ihre Privatsph\u00e4re ist mir-exclusive.com wichtig. In dieser Datenschutzerkl\u00e4rung wird erl\u00e4utert, welche personenbezogenen Daten wir von unseren Nutzern erheben und wie wir sie verwenden. Wir empfehlen Ihnen, diese Bedingungen sorgf\u00e4ltig zu lesen, bevor Sie Ihre personenbezogenen Daten auf dieser Website angeben. Personen \u00fcber 14 Jahren k\u00f6nnen ohne vorherige Zustimmung ihrer Eltern oder Erziehungsberechtigten alle Funktionen [&hellip;]<\/p>\n","protected":false},"author":1,"featured_media":0,"parent":0,"menu_order":0,"comment_status":"closed","ping_status":"closed","template":"","meta":{"footnotes":""},"class_list":["post-3370","page","type-page","status-publish","hentry"],"yoast_head":"<!-- This site is optimized with the Yoast SEO plugin v26.8 - https:\/\/yoast.com\/product\/yoast-seo-wordpress\/ -->\n<title>Datenschutzrichtlinie | Mir-exclusive<\/title>\n<meta name=\"robots\" content=\"noindex, nofollow\" \/>\n<script type=\"application\/ld+json\" class=\"yoast-schema-graph\">{\"@context\":\"https:\/\/schema.org\",\"@graph\":[{\"@type\":\"WebPage\",\"@id\":\"https:\/\/mir-exclusive.com\/politica-de-privacidad\/\",\"url\":\"https:\/\/mir-exclusive.com\/politica-de-privacidad\/\",\"name\":\"Datenschutzrichtlinie | Mir-exclusive\",\"isPartOf\":{\"@id\":\"https:\/\/mir-exclusive.com\/#website\"},\"datePublished\":\"2023-07-05T15:53:08+00:00\",\"dateModified\":\"2023-07-05T16:11:11+00:00\",\"breadcrumb\":{\"@id\":\"https:\/\/mir-exclusive.com\/politica-de-privacidad\/#breadcrumb\"},\"inLanguage\":\"de\",\"potentialAction\":[{\"@type\":\"ReadAction\",\"target\":[\"https:\/\/mir-exclusive.com\/politica-de-privacidad\/\"]}]},{\"@type\":\"BreadcrumbList\",\"@id\":\"https:\/\/mir-exclusive.com\/politica-de-privacidad\/#breadcrumb\",\"itemListElement\":[{\"@type\":\"ListItem\",\"position\":1,\"name\":\"Portada\",\"item\":\"https:\/\/mir-exclusive.com\/\"},{\"@type\":\"ListItem\",\"position\":2,\"name\":\"Datenschutzrichtlinie\"}]},{\"@type\":\"WebSite\",\"@id\":\"https:\/\/mir-exclusive.com\/#website\",\"url\":\"https:\/\/mir-exclusive.com\/\",\"name\":\"Mir-exclusive\",\"description\":\"Tu propiedad de lujo en Mallorca con Mir-Exclusive\",\"publisher\":{\"@id\":\"https:\/\/mir-exclusive.com\/#organization\"},\"potentialAction\":[{\"@type\":\"SearchAction\",\"target\":{\"@type\":\"EntryPoint\",\"urlTemplate\":\"https:\/\/mir-exclusive.com\/?s={search_term_string}\"},\"query-input\":{\"@type\":\"PropertyValueSpecification\",\"valueRequired\":true,\"valueName\":\"search_term_string\"}}],\"inLanguage\":\"de\"},{\"@type\":\"Organization\",\"@id\":\"https:\/\/mir-exclusive.com\/#organization\",\"name\":\"Mir-exclusive\",\"url\":\"https:\/\/mir-exclusive.com\/\",\"logo\":{\"@type\":\"ImageObject\",\"inLanguage\":\"de\",\"@id\":\"https:\/\/mir-exclusive.com\/#\/schema\/logo\/image\/\",\"url\":\"https:\/\/mir-exclusive.com\/wp-content\/uploads\/2023\/05\/mir_clipdrop-background-removal.png\",\"contentUrl\":\"https:\/\/mir-exclusive.com\/wp-content\/uploads\/2023\/05\/mir_clipdrop-background-removal.png\",\"width\":1024,\"height\":217,\"caption\":\"Mir-exclusive\"},\"image\":{\"@id\":\"https:\/\/mir-exclusive.com\/#\/schema\/logo\/image\/\"}}]}<\/script>\n<!-- \/ Yoast SEO plugin. -->","yoast_head_json":{"title":"Datenschutzrichtlinie | Mir-exclusive","robots":{"index":"noindex","follow":"nofollow"},"schema":{"@context":"https:\/\/schema.org","@graph":[{"@type":"WebPage","@id":"https:\/\/mir-exclusive.com\/politica-de-privacidad\/","url":"https:\/\/mir-exclusive.com\/politica-de-privacidad\/","name":"Datenschutzrichtlinie | Mir-exclusive","isPartOf":{"@id":"https:\/\/mir-exclusive.com\/#website"},"datePublished":"2023-07-05T15:53:08+00:00","dateModified":"2023-07-05T16:11:11+00:00","breadcrumb":{"@id":"https:\/\/mir-exclusive.com\/politica-de-privacidad\/#breadcrumb"},"inLanguage":"de","potentialAction":[{"@type":"ReadAction","target":["https:\/\/mir-exclusive.com\/politica-de-privacidad\/"]}]},{"@type":"BreadcrumbList","@id":"https:\/\/mir-exclusive.com\/politica-de-privacidad\/#breadcrumb","itemListElement":[{"@type":"ListItem","position":1,"name":"Portada","item":"https:\/\/mir-exclusive.com\/"},{"@type":"ListItem","position":2,"name":"Datenschutzrichtlinie"}]},{"@type":"WebSite","@id":"https:\/\/mir-exclusive.com\/#website","url":"https:\/\/mir-exclusive.com\/","name":"Mir-exclusive","description":"Tu propiedad de lujo en Mallorca con Mir-Exclusive","publisher":{"@id":"https:\/\/mir-exclusive.com\/#organization"},"potentialAction":[{"@type":"SearchAction","target":{"@type":"EntryPoint","urlTemplate":"https:\/\/mir-exclusive.com\/?s={search_term_string}"},"query-input":{"@type":"PropertyValueSpecification","valueRequired":true,"valueName":"search_term_string"}}],"inLanguage":"de"},{"@type":"Organization","@id":"https:\/\/mir-exclusive.com\/#organization","name":"Mir-exclusive","url":"https:\/\/mir-exclusive.com\/","logo":{"@type":"ImageObject","inLanguage":"de","@id":"https:\/\/mir-exclusive.com\/#\/schema\/logo\/image\/","url":"https:\/\/mir-exclusive.com\/wp-content\/uploads\/2023\/05\/mir_clipdrop-background-removal.png","contentUrl":"https:\/\/mir-exclusive.com\/wp-content\/uploads\/2023\/05\/mir_clipdrop-background-removal.png","width":1024,"height":217,"caption":"Mir-exclusive"},"image":{"@id":"https:\/\/mir-exclusive.com\/#\/schema\/logo\/image\/"}}]}},"_links":{"self":[{"href":"https:\/\/mir-exclusive.com\/de\/wp-json\/wp\/v2\/pages\/3370","targetHints":{"allow":["GET"]}}],"collection":[{"href":"https:\/\/mir-exclusive.com\/de\/wp-json\/wp\/v2\/pages"}],"about":[{"href":"https:\/\/mir-exclusive.com\/de\/wp-json\/wp\/v2\/types\/page"}],"author":[{"embeddable":true,"href":"https:\/\/mir-exclusive.com\/de\/wp-json\/wp\/v2\/users\/1"}],"replies":[{"embeddable":true,"href":"https:\/\/mir-exclusive.com\/de\/wp-json\/wp\/v2\/comments?post=3370"}],"version-history":[{"count":2,"href":"https:\/\/mir-exclusive.com\/de\/wp-json\/wp\/v2\/pages\/3370\/revisions"}],"predecessor-version":[{"id":3383,"href":"https:\/\/mir-exclusive.com\/de\/wp-json\/wp\/v2\/pages\/3370\/revisions\/3383"}],"wp:attachment":[{"href":"https:\/\/mir-exclusive.com\/de\/wp-json\/wp\/v2\/media?parent=3370"}],"curies":[{"name":"wp","href":"https:\/\/api.w.org\/{rel}","templated":true}]}}